{"id":11788,"date":"2024-08-21T19:01:05","date_gmt":"2024-08-21T19:01:05","guid":{"rendered":"https:\/\/mzauto.ee\/?post_type=product&#038;p=11788"},"modified":"2025-05-16T20:11:40","modified_gmt":"2025-05-16T20:11:40","slug":"kaigukasti-reguleeritav-varras","status":"publish","type":"product","link":"https:\/\/mzauto.ee\/en\/toode\/kaigukasti-reguleeritav-varras\/","title":{"rendered":"BMW reguleeritav k\u00e4igukasti juhtvarras"},"content":{"rendered":"<p>BMW k\u00e4igukasti jaoks reguleeritav juhtvarras, v\u00e4hendab k\u00e4igul\u00fclituse l\u00f5tku ca 40%, sisaldab 250 mm keermevarrast vastavalt pikkusele. Kaasas pronksitud puks, mis asendab oirginaal plastikust puksi. Ei sobi 3,0D mudelile.<\/p>\n<p>V\u00f5imalus paigaldada MZ Autoteeninduses.<\/p>\n<p>&nbsp;<\/p>\n","protected":false},"excerpt":{"rendered":"<p>Tootja: Odesa<\/p>\n","protected":false},"featured_media":11789,"template":"","meta":{"_monsterinsights_skip_tracking":false,"_monsterinsights_sitenote_active":false,"_monsterinsights_sitenote_note":"","_monsterinsights_sitenote_category":0},"product_brand":[],"product_cat":[47,73,63],"product_tag":[],"class_list":{"0":"post-11788","1":"product","2":"type-product","3":"status-publish","4":"has-post-thumbnail","6":"product_cat-jouulekanne","7":"product_cat-kaigukangid-ja-kasipidurid","8":"product_cat-salong","10":"first","11":"instock","12":"taxable","13":"shipping-taxable","14":"purchasable","15":"product-type-simple"},"_links":{"self":[{"href":"https:\/\/mzauto.ee\/en\/wp-json\/wp\/v2\/product\/11788","targetHints":{"allow":["GET"]}}],"collection":[{"href":"https:\/\/mzauto.ee\/en\/wp-json\/wp\/v2\/product"}],"about":[{"href":"https:\/\/mzauto.ee\/en\/wp-json\/wp\/v2\/types\/product"}],"wp:featuredmedia":[{"embeddable":true,"href":"https:\/\/mzauto.ee\/en\/wp-json\/wp\/v2\/media\/11789"}],"wp:attachment":[{"href":"https:\/\/mzauto.ee\/en\/wp-json\/wp\/v2\/media?parent=11788"}],"wp:term":[{"taxonomy":"product_brand","embeddable":true,"href":"https:\/\/mzauto.ee\/en\/wp-json\/wp\/v2\/product_brand?post=11788"},{"taxonomy":"product_cat","embeddable":true,"href":"https:\/\/mzauto.ee\/en\/wp-json\/wp\/v2\/product_cat?post=11788"},{"taxonomy":"product_tag","embeddable":true,"href":"https:\/\/mzauto.ee\/en\/wp-json\/wp\/v2\/product_tag?post=11788"}],"curies":[{"name":"wp","href":"https:\/\/api.w.org\/{rel}","templated":true}]}}