{"id":11785,"date":"2024-08-21T18:55:41","date_gmt":"2024-08-21T18:55:41","guid":{"rendered":"https:\/\/mzauto.ee\/?post_type=product&#038;p=11785"},"modified":"2024-11-22T13:34:16","modified_gmt":"2024-11-22T13:34:16","slug":"hudrauliline-vertikaal-kasipidur-odesa","status":"publish","type":"product","link":"https:\/\/mzauto.ee\/en\/toode\/hudrauliline-vertikaal-kasipidur-odesa\/","title":{"rendered":"H\u00fcdrauliline vertikaal k\u00e4sipidur Odesa (eemaldatav kang)"},"content":{"rendered":"<p>H\u00fcdrauliline vertikaalse asendiga k\u00e4sipidur Odesa, eemaldatava kangiga (keermega). Tugeva ehitusega (4mm terasest raam). T\u00f6\u00f6silinder 0,625 Lanos (otsad 10&#215;100) on komplektis kaasas. V\u00f5imalik kasutada peidetava h\u00fcdraulilise k\u00e4sipidurina.<\/p>\n<p>V\u00f5imalus paigaldada MZ Autoteeninduses.<\/p>\n<p>&nbsp;<\/p>\n","protected":false},"excerpt":{"rendered":"<p>Tootja: Odesa<\/p>\n","protected":false},"featured_media":11786,"template":"","meta":{"_monsterinsights_skip_tracking":false,"_monsterinsights_sitenote_active":false,"_monsterinsights_sitenote_note":"","_monsterinsights_sitenote_category":0},"product_brand":[],"product_cat":[73,63],"product_tag":[],"class_list":{"0":"post-11785","1":"product","2":"type-product","3":"status-publish","4":"has-post-thumbnail","6":"product_cat-kaigukangid-ja-kasipidurid","7":"product_cat-salong","9":"first","10":"outofstock","11":"taxable","12":"shipping-taxable","13":"purchasable","14":"product-type-simple"},"_links":{"self":[{"href":"https:\/\/mzauto.ee\/en\/wp-json\/wp\/v2\/product\/11785","targetHints":{"allow":["GET"]}}],"collection":[{"href":"https:\/\/mzauto.ee\/en\/wp-json\/wp\/v2\/product"}],"about":[{"href":"https:\/\/mzauto.ee\/en\/wp-json\/wp\/v2\/types\/product"}],"wp:featuredmedia":[{"embeddable":true,"href":"https:\/\/mzauto.ee\/en\/wp-json\/wp\/v2\/media\/11786"}],"wp:attachment":[{"href":"https:\/\/mzauto.ee\/en\/wp-json\/wp\/v2\/media?parent=11785"}],"wp:term":[{"taxonomy":"product_brand","embeddable":true,"href":"https:\/\/mzauto.ee\/en\/wp-json\/wp\/v2\/product_brand?post=11785"},{"taxonomy":"product_cat","embeddable":true,"href":"https:\/\/mzauto.ee\/en\/wp-json\/wp\/v2\/product_cat?post=11785"},{"taxonomy":"product_tag","embeddable":true,"href":"https:\/\/mzauto.ee\/en\/wp-json\/wp\/v2\/product_tag?post=11785"}],"curies":[{"name":"wp","href":"https:\/\/api.w.org\/{rel}","templated":true}]}}