{"id":11627,"date":"2024-06-19T20:27:42","date_gmt":"2024-06-19T20:27:42","guid":{"rendered":"https:\/\/mzauto.ee\/?post_type=product&#038;p=11627"},"modified":"2025-02-15T10:58:03","modified_gmt":"2025-02-15T10:58:03","slug":"epman-sportrooli-kiirkinnitus-punane","status":"publish","type":"product","link":"https:\/\/mzauto.ee\/en\/toode\/epman-sportrooli-kiirkinnitus-punane\/","title":{"rendered":"Epman Sportrooli kiirkinnitus (Punane)"},"content":{"rendered":"<p>Rooli kiirkinnitus ehk seade, mille abil on v\u00f5imalik rool kiirelt kahe liigutusega eemaldada ja autost v\u00e4ljuda. Kaasas on 6 kinnituskruvi, mis v\u00f5imaldavad seda kasutada enamikel sportroolidel.<\/p>\n<p>Kiirkinnitus lukustub kuullaagritele\u00a0 ja see vastab k\u00f5igile ohutusstandarditele. Olemas on \u00fchendused signaalile. Juhtmed signaalile ja kinnituskruvid on komplektis kaasas.<\/p>\n<p>Kiirkinnitus on valmistatud alumiiniumist.<\/p>\n","protected":false},"excerpt":{"rendered":"<p>Rooli kiirkinnitus ehk seade, mille abil on v\u00f5imalik rool kiirelt kahe liigutusega eemaldada ja autost v\u00e4ljuda. Kaasas on 6 kinnituskruvi, mis v\u00f5imaldavad seda kasutada enamikel sportroolidel.<span class=\"excerpt-hellip\"> [\u2026]<\/span><\/p>\n","protected":false},"featured_media":11628,"template":"","meta":{"_monsterinsights_skip_tracking":false,"_monsterinsights_sitenote_active":false,"_monsterinsights_sitenote_note":"","_monsterinsights_sitenote_category":0},"product_brand":[],"product_cat":[72,63],"product_tag":[],"class_list":{"0":"post-11627","1":"product","2":"type-product","3":"status-publish","4":"has-post-thumbnail","6":"product_cat-roolid-ja-adapterid","7":"product_cat-salong","9":"first","10":"outofstock","11":"taxable","12":"shipping-taxable","13":"purchasable","14":"product-type-simple"},"_links":{"self":[{"href":"https:\/\/mzauto.ee\/en\/wp-json\/wp\/v2\/product\/11627","targetHints":{"allow":["GET"]}}],"collection":[{"href":"https:\/\/mzauto.ee\/en\/wp-json\/wp\/v2\/product"}],"about":[{"href":"https:\/\/mzauto.ee\/en\/wp-json\/wp\/v2\/types\/product"}],"wp:featuredmedia":[{"embeddable":true,"href":"https:\/\/mzauto.ee\/en\/wp-json\/wp\/v2\/media\/11628"}],"wp:attachment":[{"href":"https:\/\/mzauto.ee\/en\/wp-json\/wp\/v2\/media?parent=11627"}],"wp:term":[{"taxonomy":"product_brand","embeddable":true,"href":"https:\/\/mzauto.ee\/en\/wp-json\/wp\/v2\/product_brand?post=11627"},{"taxonomy":"product_cat","embeddable":true,"href":"https:\/\/mzauto.ee\/en\/wp-json\/wp\/v2\/product_cat?post=11627"},{"taxonomy":"product_tag","embeddable":true,"href":"https:\/\/mzauto.ee\/en\/wp-json\/wp\/v2\/product_tag?post=11627"}],"curies":[{"name":"wp","href":"https:\/\/api.w.org\/{rel}","templated":true}]}}