{"id":10902,"date":"2024-02-03T21:34:33","date_gmt":"2024-02-03T21:34:33","guid":{"rendered":"https:\/\/mzauto.ee\/?post_type=product&#038;p=10902"},"modified":"2024-12-19T19:52:04","modified_gmt":"2024-12-19T19:52:04","slug":"bmw-e46-hudrokasipiduri-alusplaat","status":"publish","type":"product","link":"https:\/\/mzauto.ee\/en\/toode\/bmw-e46-hudrokasipiduri-alusplaat\/","title":{"rendered":"BMW E46 h\u00fcdrok\u00e4sipiduri alusplaat"},"content":{"rendered":"<p>BMW E46 h\u00fcdrok\u00e4sipiduri tugev alusplaat, mille abil on v\u00f5imalik ilma keresse auke tegemata paigaldada h\u00fcdrok\u00e4sipidur. Paigaldub sigaretis\u00fc\u00fctaja asukohta.<\/p>\n<p>Tehtud 4mm paksusest terasest (S355). Sobilik BMW E46 Sedaan, Kupee, Compact ja Touring keremudelitele.<\/p>\n<p>&nbsp;<\/p>\n","protected":false},"excerpt":{"rendered":"<p>Odesa<\/p>\n","protected":false},"featured_media":10903,"template":"","meta":{"_monsterinsights_skip_tracking":false,"_monsterinsights_sitenote_active":false,"_monsterinsights_sitenote_note":"","_monsterinsights_sitenote_category":0},"product_brand":[],"product_cat":[73,45,63],"product_tag":[],"class_list":{"0":"post-10902","1":"product","2":"type-product","3":"status-publish","4":"has-post-thumbnail","6":"product_cat-kaigukangid-ja-kasipidurid","7":"product_cat-kereosad","8":"product_cat-salong","10":"first","11":"instock","12":"taxable","13":"shipping-taxable","14":"purchasable","15":"product-type-simple"},"_links":{"self":[{"href":"https:\/\/mzauto.ee\/en\/wp-json\/wp\/v2\/product\/10902","targetHints":{"allow":["GET"]}}],"collection":[{"href":"https:\/\/mzauto.ee\/en\/wp-json\/wp\/v2\/product"}],"about":[{"href":"https:\/\/mzauto.ee\/en\/wp-json\/wp\/v2\/types\/product"}],"wp:featuredmedia":[{"embeddable":true,"href":"https:\/\/mzauto.ee\/en\/wp-json\/wp\/v2\/media\/10903"}],"wp:attachment":[{"href":"https:\/\/mzauto.ee\/en\/wp-json\/wp\/v2\/media?parent=10902"}],"wp:term":[{"taxonomy":"product_brand","embeddable":true,"href":"https:\/\/mzauto.ee\/en\/wp-json\/wp\/v2\/product_brand?post=10902"},{"taxonomy":"product_cat","embeddable":true,"href":"https:\/\/mzauto.ee\/en\/wp-json\/wp\/v2\/product_cat?post=10902"},{"taxonomy":"product_tag","embeddable":true,"href":"https:\/\/mzauto.ee\/en\/wp-json\/wp\/v2\/product_tag?post=10902"}],"curies":[{"name":"wp","href":"https:\/\/api.w.org\/{rel}","templated":true}]}}