{"id":10882,"date":"2024-01-31T16:41:44","date_gmt":"2024-01-31T16:41:44","guid":{"rendered":"https:\/\/mzauto.ee\/?post_type=product&#038;p=10882"},"modified":"2024-01-31T16:43:06","modified_gmt":"2024-01-31T16:43:06","slug":"sportrool-slide-350mm-seemisnahk-offset90-halli-margisega","status":"publish","type":"product","link":"https:\/\/mzauto.ee\/en\/toode\/sportrool-slide-350mm-seemisnahk-offset90-halli-margisega\/","title":{"rendered":"Sportrool Slide 350mm seemisnahk offset:90 (halli m\u00e4rgisega)"},"content":{"rendered":"<p>Kvaliteetsetest materjalidest valmistatud seemisnahkse kattega sportrool Slide. L\u00e4bim\u00f5\u00f5t 350mm, Offset 90mm. Komplektis on kaasas signaalinupp, kruvid, juhtmed signaali \u00fchendamiseks ja tootja logoga kleebis. Halli keskosa t\u00e4hisega.<\/p>\n<p>Materjal: alumiinium ja seemisnahk.<\/p>\n<p>&nbsp;<\/p>\n","protected":false},"excerpt":{"rendered":"<p>Tootja: SLIDE<\/p>\n","protected":false},"featured_media":10883,"template":"","meta":{"_monsterinsights_skip_tracking":false,"_monsterinsights_sitenote_active":false,"_monsterinsights_sitenote_note":"","_monsterinsights_sitenote_category":0},"product_brand":[],"product_cat":[72,63],"product_tag":[],"class_list":{"0":"post-10882","1":"product","2":"type-product","3":"status-publish","4":"has-post-thumbnail","6":"product_cat-roolid-ja-adapterid","7":"product_cat-salong","9":"first","10":"instock","11":"taxable","12":"shipping-taxable","13":"purchasable","14":"product-type-simple"},"_links":{"self":[{"href":"https:\/\/mzauto.ee\/en\/wp-json\/wp\/v2\/product\/10882","targetHints":{"allow":["GET"]}}],"collection":[{"href":"https:\/\/mzauto.ee\/en\/wp-json\/wp\/v2\/product"}],"about":[{"href":"https:\/\/mzauto.ee\/en\/wp-json\/wp\/v2\/types\/product"}],"wp:featuredmedia":[{"embeddable":true,"href":"https:\/\/mzauto.ee\/en\/wp-json\/wp\/v2\/media\/10883"}],"wp:attachment":[{"href":"https:\/\/mzauto.ee\/en\/wp-json\/wp\/v2\/media?parent=10882"}],"wp:term":[{"taxonomy":"product_brand","embeddable":true,"href":"https:\/\/mzauto.ee\/en\/wp-json\/wp\/v2\/product_brand?post=10882"},{"taxonomy":"product_cat","embeddable":true,"href":"https:\/\/mzauto.ee\/en\/wp-json\/wp\/v2\/product_cat?post=10882"},{"taxonomy":"product_tag","embeddable":true,"href":"https:\/\/mzauto.ee\/en\/wp-json\/wp\/v2\/product_tag?post=10882"}],"curies":[{"name":"wp","href":"https:\/\/api.w.org\/{rel}","templated":true}]}}