{"id":10837,"date":"2024-01-07T22:18:25","date_gmt":"2024-01-07T22:18:25","guid":{"rendered":"https:\/\/mzauto.ee\/?post_type=product&#038;p=10837"},"modified":"2024-01-07T22:23:57","modified_gmt":"2024-01-07T22:23:57","slug":"bmw-odesa-roolivarda-pikendus","status":"publish","type":"product","link":"https:\/\/mzauto.ee\/en\/toode\/bmw-odesa-roolivarda-pikendus\/","title":{"rendered":"BMW ODESA roolivarda pikendus"},"content":{"rendered":"<p>BMW E36 ja E46 p\u00f6\u00f6rdenurga suurendamise adapteritega koos kasutamiseks m\u00f5eldud roolivarraste adapterid. Hind kehtib \u00fchele pikendusele.<\/p>\n<p>Pikkus 230mm, keermed 2 x M14x1.5.<\/p>\n<p>Paigaldus v\u00f5imalik MZ Autoteeninduses.<\/p>\n","protected":false},"excerpt":{"rendered":"<p>Odesa<\/p>\n","protected":false},"featured_media":10838,"template":"","meta":{"_monsterinsights_skip_tracking":false,"_monsterinsights_sitenote_active":false,"_monsterinsights_sitenote_note":"","_monsterinsights_sitenote_category":0},"product_brand":[],"product_cat":[30],"product_tag":[],"class_list":{"0":"post-10837","1":"product","2":"type-product","3":"status-publish","4":"has-post-thumbnail","6":"product_cat-sillaosad","8":"first","9":"instock","10":"taxable","11":"shipping-taxable","12":"purchasable","13":"product-type-simple"},"_links":{"self":[{"href":"https:\/\/mzauto.ee\/en\/wp-json\/wp\/v2\/product\/10837","targetHints":{"allow":["GET"]}}],"collection":[{"href":"https:\/\/mzauto.ee\/en\/wp-json\/wp\/v2\/product"}],"about":[{"href":"https:\/\/mzauto.ee\/en\/wp-json\/wp\/v2\/types\/product"}],"wp:featuredmedia":[{"embeddable":true,"href":"https:\/\/mzauto.ee\/en\/wp-json\/wp\/v2\/media\/10838"}],"wp:attachment":[{"href":"https:\/\/mzauto.ee\/en\/wp-json\/wp\/v2\/media?parent=10837"}],"wp:term":[{"taxonomy":"product_brand","embeddable":true,"href":"https:\/\/mzauto.ee\/en\/wp-json\/wp\/v2\/product_brand?post=10837"},{"taxonomy":"product_cat","embeddable":true,"href":"https:\/\/mzauto.ee\/en\/wp-json\/wp\/v2\/product_cat?post=10837"},{"taxonomy":"product_tag","embeddable":true,"href":"https:\/\/mzauto.ee\/en\/wp-json\/wp\/v2\/product_tag?post=10837"}],"curies":[{"name":"wp","href":"https:\/\/api.w.org\/{rel}","templated":true}]}}