{"id":10563,"date":"2023-11-11T13:16:53","date_gmt":"2023-11-11T13:16:53","guid":{"rendered":"https:\/\/mzauto.ee\/?post_type=product&#038;p=10563"},"modified":"2024-10-28T19:24:34","modified_gmt":"2024-10-28T19:24:34","slug":"hudrauliline-kasipidur-reverse-lanos","status":"publish","type":"product","link":"https:\/\/mzauto.ee\/en\/toode\/hudrauliline-kasipidur-reverse-lanos\/","title":{"rendered":"H\u00fcdrauliline k\u00e4sipidur Odesa Reverse"},"content":{"rendered":"<p>H\u00fcdrauliline k\u00e4sipidur Odesa, mis t\u00f6\u00f6tab tagurpidi (Reverse). Paigaldatakse paigutusega t\u00f6\u00f6silinder armatuuri poole ja k\u00e4sipiduri kang juhi poole. Tugeva ehitusega. T\u00f6\u00f6silinder 0,625 Lanos on komplektis kaasas. Kangiosa kogupikkus on 425mm<\/p>\n<p>V\u00f5imalus paigaldada MZ Autoteeninduses.<\/p>\n<p>&nbsp;<\/p>\n","protected":false},"excerpt":{"rendered":"<p>Tootja: Odesa<\/p>\n","protected":false},"featured_media":10564,"template":"","meta":{"_monsterinsights_skip_tracking":false,"_monsterinsights_sitenote_active":false,"_monsterinsights_sitenote_note":"","_monsterinsights_sitenote_category":0},"product_brand":[],"product_cat":[73,63],"product_tag":[],"class_list":{"0":"post-10563","1":"product","2":"type-product","3":"status-publish","4":"has-post-thumbnail","6":"product_cat-kaigukangid-ja-kasipidurid","7":"product_cat-salong","9":"first","10":"instock","11":"taxable","12":"shipping-taxable","13":"purchasable","14":"product-type-simple"},"_links":{"self":[{"href":"https:\/\/mzauto.ee\/en\/wp-json\/wp\/v2\/product\/10563","targetHints":{"allow":["GET"]}}],"collection":[{"href":"https:\/\/mzauto.ee\/en\/wp-json\/wp\/v2\/product"}],"about":[{"href":"https:\/\/mzauto.ee\/en\/wp-json\/wp\/v2\/types\/product"}],"wp:featuredmedia":[{"embeddable":true,"href":"https:\/\/mzauto.ee\/en\/wp-json\/wp\/v2\/media\/10564"}],"wp:attachment":[{"href":"https:\/\/mzauto.ee\/en\/wp-json\/wp\/v2\/media?parent=10563"}],"wp:term":[{"taxonomy":"product_brand","embeddable":true,"href":"https:\/\/mzauto.ee\/en\/wp-json\/wp\/v2\/product_brand?post=10563"},{"taxonomy":"product_cat","embeddable":true,"href":"https:\/\/mzauto.ee\/en\/wp-json\/wp\/v2\/product_cat?post=10563"},{"taxonomy":"product_tag","embeddable":true,"href":"https:\/\/mzauto.ee\/en\/wp-json\/wp\/v2\/product_tag?post=10563"}],"curies":[{"name":"wp","href":"https:\/\/api.w.org\/{rel}","templated":true}]}}