{"id":10290,"date":"2023-08-21T17:27:50","date_gmt":"2023-08-21T17:27:50","guid":{"rendered":"https:\/\/mzauto.ee\/?post_type=product&#038;p=10290"},"modified":"2023-12-11T18:14:04","modified_gmt":"2023-12-11T18:14:04","slug":"bmw-e36e46-reguleeritavad-ootsad-pmc","status":"publish","type":"product","link":"https:\/\/mzauto.ee\/en\/toode\/bmw-e36e46-reguleeritavad-ootsad-pmc\/","title":{"rendered":"BMW E36 E46 reguleeritavad \u00f5\u00f5tsad"},"content":{"rendered":"<p>PMC Motorsport tugevad reguleeritavad \u00f5\u00f5tsad (Camber Arms). Valmistatud tugevast terasest, pulberv\u00e4rvitud ja 90sHA tugevusega pol\u00fcretaan puksidega.<\/p>\n<p>Sobivus k\u00f5igile E36 mudelitele v.a. Compact.<\/p>\n<p>Sobivus k\u00f5igile E46 mudelitele ja E85\/E86 Z4 mudelitele.<\/p>\n<p>Hind komplektile (2 \u00f5\u00f5tsa).<\/p>\n<p>V\u00f5imalik paigaldus MZ Autoteeninduses.<\/p>\n","protected":false},"excerpt":{"rendered":"<p>PMC Motorsport<\/p>\n","protected":false},"featured_media":10291,"template":"","meta":{"_monsterinsights_skip_tracking":false,"_monsterinsights_sitenote_active":false,"_monsterinsights_sitenote_note":"","_monsterinsights_sitenote_category":0},"product_brand":[],"product_cat":[30],"product_tag":[],"class_list":{"0":"post-10290","1":"product","2":"type-product","3":"status-publish","4":"has-post-thumbnail","6":"product_cat-sillaosad","8":"first","9":"outofstock","10":"taxable","11":"shipping-taxable","12":"purchasable","13":"product-type-simple"},"_links":{"self":[{"href":"https:\/\/mzauto.ee\/en\/wp-json\/wp\/v2\/product\/10290","targetHints":{"allow":["GET"]}}],"collection":[{"href":"https:\/\/mzauto.ee\/en\/wp-json\/wp\/v2\/product"}],"about":[{"href":"https:\/\/mzauto.ee\/en\/wp-json\/wp\/v2\/types\/product"}],"wp:featuredmedia":[{"embeddable":true,"href":"https:\/\/mzauto.ee\/en\/wp-json\/wp\/v2\/media\/10291"}],"wp:attachment":[{"href":"https:\/\/mzauto.ee\/en\/wp-json\/wp\/v2\/media?parent=10290"}],"wp:term":[{"taxonomy":"product_brand","embeddable":true,"href":"https:\/\/mzauto.ee\/en\/wp-json\/wp\/v2\/product_brand?post=10290"},{"taxonomy":"product_cat","embeddable":true,"href":"https:\/\/mzauto.ee\/en\/wp-json\/wp\/v2\/product_cat?post=10290"},{"taxonomy":"product_tag","embeddable":true,"href":"https:\/\/mzauto.ee\/en\/wp-json\/wp\/v2\/product_tag?post=10290"}],"curies":[{"name":"wp","href":"https:\/\/api.w.org\/{rel}","templated":true}]}}