{"id":10159,"date":"2023-06-23T07:30:11","date_gmt":"2023-06-23T07:30:11","guid":{"rendered":"https:\/\/mzauto.ee\/?post_type=product&#038;p=10159"},"modified":"2025-07-02T19:35:55","modified_gmt":"2025-07-02T19:35:55","slug":"bmw-e36-e46-camber-plates-odesa","status":"publish","type":"product","link":"https:\/\/mzauto.ee\/en\/toode\/bmw-e36-e46-camber-plates-odesa\/","title":{"rendered":"BMW E36\/E46 Camber Plates Odesa"},"content":{"rendered":"<p>BMW E36 ja E46 mudelitele sobivad kaldplaadid esimestele amortisaatoritele.<\/p>\n<p>V\u00f5imaldab ratast \/ amortisaatorit m\u00f5ne kraadi v\u00f5rra kallutada, mis on vajalik, kui soovite s\u00f5ita driftides ja omada paremat haardumist.<\/p>\n<p>Valmistatud t\u00e4ielikult terasest, mis on kaitstud korrosiooni eest galvaniseerimisega. 12 keermestatud auku v\u00f5imaldavad h\u00f5lpsasti igas suunas amortisaatori kallet reguleerida nii E36 kui ka E46 mudelitel.<\/p>\n<p>Komplekt sisaldab:<\/p>\n<p>2 x Camberplate (vasak ja parem)<\/p>\n<p>2 x Laagripuksid (14mm)<\/p>\n<p>2 x Puks laagrite suuruse v\u00e4hendamiseks 12\/14mm (E36)<\/p>\n<p>2 x mutter M14 x 1,5 (E46)<\/p>\n<p>&nbsp;<\/p>\n","protected":false},"excerpt":{"rendered":"<p>Odesa<\/p>\n","protected":false},"featured_media":10160,"template":"","meta":{"_monsterinsights_skip_tracking":false,"_monsterinsights_sitenote_active":false,"_monsterinsights_sitenote_note":"","_monsterinsights_sitenote_category":0},"product_brand":[],"product_cat":[30],"product_tag":[],"class_list":{"0":"post-10159","1":"product","2":"type-product","3":"status-publish","4":"has-post-thumbnail","6":"product_cat-sillaosad","8":"first","9":"instock","10":"taxable","11":"shipping-taxable","12":"purchasable","13":"product-type-simple"},"_links":{"self":[{"href":"https:\/\/mzauto.ee\/en\/wp-json\/wp\/v2\/product\/10159","targetHints":{"allow":["GET"]}}],"collection":[{"href":"https:\/\/mzauto.ee\/en\/wp-json\/wp\/v2\/product"}],"about":[{"href":"https:\/\/mzauto.ee\/en\/wp-json\/wp\/v2\/types\/product"}],"wp:featuredmedia":[{"embeddable":true,"href":"https:\/\/mzauto.ee\/en\/wp-json\/wp\/v2\/media\/10160"}],"wp:attachment":[{"href":"https:\/\/mzauto.ee\/en\/wp-json\/wp\/v2\/media?parent=10159"}],"wp:term":[{"taxonomy":"product_brand","embeddable":true,"href":"https:\/\/mzauto.ee\/en\/wp-json\/wp\/v2\/product_brand?post=10159"},{"taxonomy":"product_cat","embeddable":true,"href":"https:\/\/mzauto.ee\/en\/wp-json\/wp\/v2\/product_cat?post=10159"},{"taxonomy":"product_tag","embeddable":true,"href":"https:\/\/mzauto.ee\/en\/wp-json\/wp\/v2\/product_tag?post=10159"}],"curies":[{"name":"wp","href":"https:\/\/api.w.org\/{rel}","templated":true}]}}