{"id":10066,"date":"2023-06-08T19:59:55","date_gmt":"2023-06-08T19:59:55","guid":{"rendered":"https:\/\/mzauto.ee\/?post_type=product&#038;p=10066"},"modified":"2024-03-25T18:41:58","modified_gmt":"2024-03-25T18:41:58","slug":"bmw-e30-esimene-tagumine-strutbar","status":"publish","type":"product","link":"https:\/\/mzauto.ee\/en\/toode\/bmw-e30-esimene-tagumine-strutbar\/","title":{"rendered":"BMW E30 esimene &#038; tagumine strutbar"},"content":{"rendered":"<p>BMW E30 strutbar komplekt &#8211; esimene ja tagumine. Toodetud tugevast terasest.<\/p>\n<p>Strutbar p\u00f5hiprofiil on m\u00f5\u00f5dud 40 mm x 20 mm ja paksus 3 mm.<\/p>\n<p>Paigaldus v\u00f5imalik MZ Autoteeninduses.<\/p>\n","protected":false},"excerpt":{"rendered":"<p>BMW E30 strutbar komplekt &#8211; esimene ja tagumine. Toodetud tugevast terasest. Strutbar p\u00f5hiprofiil on m\u00f5\u00f5dud 40 mm x 20 mm ja paksus 3 mm. Paigaldus v\u00f5imalik<span class=\"excerpt-hellip\"> [\u2026]<\/span><\/p>\n","protected":false},"featured_media":10067,"template":"","meta":{"_monsterinsights_skip_tracking":false,"_monsterinsights_sitenote_active":false,"_monsterinsights_sitenote_note":"","_monsterinsights_sitenote_category":0},"product_brand":[],"product_cat":[45,78],"product_tag":[],"class_list":{"0":"post-10066","1":"product","2":"type-product","3":"status-publish","4":"has-post-thumbnail","6":"product_cat-kereosad","7":"product_cat-strutbarid","8":"product_shipping_class-cargobus","10":"first","11":"instock","12":"taxable","13":"shipping-taxable","14":"purchasable","15":"product-type-simple"},"_links":{"self":[{"href":"https:\/\/mzauto.ee\/en\/wp-json\/wp\/v2\/product\/10066","targetHints":{"allow":["GET"]}}],"collection":[{"href":"https:\/\/mzauto.ee\/en\/wp-json\/wp\/v2\/product"}],"about":[{"href":"https:\/\/mzauto.ee\/en\/wp-json\/wp\/v2\/types\/product"}],"wp:featuredmedia":[{"embeddable":true,"href":"https:\/\/mzauto.ee\/en\/wp-json\/wp\/v2\/media\/10067"}],"wp:attachment":[{"href":"https:\/\/mzauto.ee\/en\/wp-json\/wp\/v2\/media?parent=10066"}],"wp:term":[{"taxonomy":"product_brand","embeddable":true,"href":"https:\/\/mzauto.ee\/en\/wp-json\/wp\/v2\/product_brand?post=10066"},{"taxonomy":"product_cat","embeddable":true,"href":"https:\/\/mzauto.ee\/en\/wp-json\/wp\/v2\/product_cat?post=10066"},{"taxonomy":"product_tag","embeddable":true,"href":"https:\/\/mzauto.ee\/en\/wp-json\/wp\/v2\/product_tag?post=10066"}],"curies":[{"name":"wp","href":"https:\/\/api.w.org\/{rel}","templated":true}]}}