{"id":10061,"date":"2023-06-08T19:53:39","date_gmt":"2023-06-08T19:53:39","guid":{"rendered":"https:\/\/mzauto.ee\/?post_type=product&#038;p=10061"},"modified":"2024-10-28T19:25:42","modified_gmt":"2024-10-28T19:25:42","slug":"bmw-e36-peidetav-hudrokasipidur","status":"publish","type":"product","link":"https:\/\/mzauto.ee\/en\/toode\/bmw-e36-peidetav-hudrokasipidur\/","title":{"rendered":"BMW E36 peidetav h\u00fcdrok\u00e4sipidur"},"content":{"rendered":"<p>BMW E36 peidetav h\u00fcdrauliline k\u00e4sipidur. Sobib kasutamiseks E36 tehase k\u00e4sipidurikangiga originaalses asukohas. Lisaks annab v\u00f5imaluse kasutada k\u00e4sipidurit nagu tehaselahendust, mis j\u00e4tab kangi \u00fclesse asendisse. Hea alternatiiv igap\u00e4evaseks kasutamiseks m\u00f5eldud autole. L\u00fchikese hoova t\u00f5ttu on vajalik rakendada rohkem j\u00f5udu kui seda tehakse tavalise vertikaalse h\u00fcdraulilise k\u00e4sipiduri kasutamise korral.<\/p>\n<p>&nbsp;<\/p>\n<p><img fetchpriority=\"high\" decoding=\"async\" class=\"alignnone wp-image-10064\" src=\"https:\/\/mzauto.ee\/wp-content\/uploads\/2023\/06\/Hydraulic-handbrake-BMW-E36-DRIFT-22230.jpg\" alt=\"\" width=\"403\" height=\"403\" \/><\/p>\n","protected":false},"excerpt":{"rendered":"<p>BMW E36 peidetav h\u00fcdrauliline k\u00e4sipidur. Sobib kasutamiseks E36 tehase k\u00e4sipidurikangiga originaalses asukohas. Lisaks annab v\u00f5imaluse kasutada k\u00e4sipidurit nagu tehaselahendust, mis j\u00e4tab kangi \u00fclesse asendisse. Hea alternatiiv<span class=\"excerpt-hellip\"> [\u2026]<\/span><\/p>\n","protected":false},"featured_media":10062,"template":"","meta":{"_monsterinsights_skip_tracking":false,"_monsterinsights_sitenote_active":false,"_monsterinsights_sitenote_note":"","_monsterinsights_sitenote_category":0},"product_brand":[],"product_cat":[73],"product_tag":[],"class_list":{"0":"post-10061","1":"product","2":"type-product","3":"status-publish","4":"has-post-thumbnail","6":"product_cat-kaigukangid-ja-kasipidurid","8":"first","9":"instock","10":"taxable","11":"shipping-taxable","12":"purchasable","13":"product-type-simple"},"_links":{"self":[{"href":"https:\/\/mzauto.ee\/en\/wp-json\/wp\/v2\/product\/10061","targetHints":{"allow":["GET"]}}],"collection":[{"href":"https:\/\/mzauto.ee\/en\/wp-json\/wp\/v2\/product"}],"about":[{"href":"https:\/\/mzauto.ee\/en\/wp-json\/wp\/v2\/types\/product"}],"wp:featuredmedia":[{"embeddable":true,"href":"https:\/\/mzauto.ee\/en\/wp-json\/wp\/v2\/media\/10062"}],"wp:attachment":[{"href":"https:\/\/mzauto.ee\/en\/wp-json\/wp\/v2\/media?parent=10061"}],"wp:term":[{"taxonomy":"product_brand","embeddable":true,"href":"https:\/\/mzauto.ee\/en\/wp-json\/wp\/v2\/product_brand?post=10061"},{"taxonomy":"product_cat","embeddable":true,"href":"https:\/\/mzauto.ee\/en\/wp-json\/wp\/v2\/product_cat?post=10061"},{"taxonomy":"product_tag","embeddable":true,"href":"https:\/\/mzauto.ee\/en\/wp-json\/wp\/v2\/product_tag?post=10061"}],"curies":[{"name":"wp","href":"https:\/\/api.w.org\/{rel}","templated":true}]}}