{"id":10051,"date":"2023-05-31T17:21:33","date_gmt":"2023-05-31T17:21:33","guid":{"rendered":"https:\/\/mzauto.ee\/?post_type=product&#038;p=10051"},"modified":"2025-11-20T16:46:15","modified_gmt":"2025-11-20T16:46:15","slug":"odesa-short-shifter-pikem-bmw-e36-e46-must","status":"publish","type":"product","link":"https:\/\/mzauto.ee\/en\/toode\/odesa-short-shifter-pikem-bmw-e36-e46-must\/","title":{"rendered":"ODESA Pikem Short Shifter BMW E36 E46 (Must)"},"content":{"rendered":"<p>Otse kere k\u00fclge polditav BMW Pikem Short Shifter. V\u00e4ga tugev terasest S235\/C45 Uniballil lahendus. Kangi ja nupu v\u00e4rvus must. Paigaldamiseks ei vaja lisaosasid, samuti pole vaja midagi puurida ega \u00fcmber t\u00f6\u00f6delda &#8211; keerake vana k\u00e4igukang lahti ja paigaldage Short Shifter auto salongi poolt &#8211; sisestage kere poolelt keermestatud seib ja keerake see kokku.<\/p>\n<p>Sobivus BMW E28\/E30\/E34\/E36\/E39\/E46.<\/p>\n<p>Soovitatav kasutada koos j\u00e4ikade k\u00e4igukastipatjadega Strongflex.<\/p>\n<p>&nbsp;<\/p>\n","protected":false},"excerpt":{"rendered":"<p>Tootja: ODESA<\/p>\n","protected":false},"featured_media":10052,"template":"","meta":{"_monsterinsights_skip_tracking":false,"_monsterinsights_sitenote_active":false,"_monsterinsights_sitenote_note":"","_monsterinsights_sitenote_category":0},"product_brand":[],"product_cat":[73,63],"product_tag":[],"class_list":{"0":"post-10051","1":"product","2":"type-product","3":"status-publish","4":"has-post-thumbnail","6":"product_cat-kaigukangid-ja-kasipidurid","7":"product_cat-salong","9":"first","10":"instock","11":"taxable","12":"shipping-taxable","13":"purchasable","14":"product-type-simple"},"_links":{"self":[{"href":"https:\/\/mzauto.ee\/en\/wp-json\/wp\/v2\/product\/10051","targetHints":{"allow":["GET"]}}],"collection":[{"href":"https:\/\/mzauto.ee\/en\/wp-json\/wp\/v2\/product"}],"about":[{"href":"https:\/\/mzauto.ee\/en\/wp-json\/wp\/v2\/types\/product"}],"wp:featuredmedia":[{"embeddable":true,"href":"https:\/\/mzauto.ee\/en\/wp-json\/wp\/v2\/media\/10052"}],"wp:attachment":[{"href":"https:\/\/mzauto.ee\/en\/wp-json\/wp\/v2\/media?parent=10051"}],"wp:term":[{"taxonomy":"product_brand","embeddable":true,"href":"https:\/\/mzauto.ee\/en\/wp-json\/wp\/v2\/product_brand?post=10051"},{"taxonomy":"product_cat","embeddable":true,"href":"https:\/\/mzauto.ee\/en\/wp-json\/wp\/v2\/product_cat?post=10051"},{"taxonomy":"product_tag","embeddable":true,"href":"https:\/\/mzauto.ee\/en\/wp-json\/wp\/v2\/product_tag?post=10051"}],"curies":[{"name":"wp","href":"https:\/\/api.w.org\/{rel}","templated":true}]}}