{"id":4918,"date":"2022-08-30T19:13:08","date_gmt":"2022-08-30T19:13:08","guid":{"rendered":"https:\/\/mzauto.ee\/?page_id=4918"},"modified":"2022-11-30T07:18:28","modified_gmt":"2022-11-30T07:18:28","slug":"volkswagen-golf-variant","status":"publish","type":"page","link":"https:\/\/mzauto.ee\/en\/volkswagen-golf-variant\/","title":{"rendered":"VOLKSWAGEN GOLF VARIANT"},"content":{"rendered":"\t\t<div data-elementor-type=\"wp-page\" data-elementor-id=\"4918\" class=\"elementor elementor-4918 elementor-4917\" data-elementor-post-type=\"page\">\n\t\t\t\t\t\t<section class=\"elementor-section elementor-top-section elementor-element elementor-element-49cdf30e elementor-section-full_width elementor-section-stretched elementor-section-height-default elementor-section-height-default\" data-id=\"49cdf30e\" data-element_type=\"section\" data-settings=\"{&quot;stretch_section&quot;:&quot;section-stretched&quot;}\">\n\t\t\t\t\t\t<div class=\"elementor-container elementor-column-gap-default\">\n\t\t\t\t\t<div class=\"elementor-column elementor-col-100 elementor-top-column elementor-element elementor-element-9217e4d\" data-id=\"9217e4d\" data-element_type=\"column\">\n\t\t\t<div class=\"elementor-widget-wrap elementor-element-populated\">\n\t\t\t\t\t\t<section class=\"elementor-section elementor-inner-section elementor-element elementor-element-5ca9e8e7 elementor-section-full_width elementor-section-height-default elementor-section-height-default\" data-id=\"5ca9e8e7\" data-element_type=\"section\">\n\t\t\t\t\t\t<div class=\"elementor-container elementor-column-gap-default\">\n\t\t\t\t\t<div class=\"elementor-column elementor-col-33 elementor-inner-column elementor-element elementor-element-ad718e4\" data-id=\"ad718e4\" data-element_type=\"column\">\n\t\t\t<div class=\"elementor-widget-wrap elementor-element-populated\">\n\t\t\t\t\t\t<div class=\"elementor-element elementor-element-0a9eae2 elementor-widget elementor-widget-heading\" data-id=\"0a9eae2\" data-element_type=\"widget\" data-widget_type=\"heading.default\">\n\t\t\t\t<div class=\"elementor-widget-container\">\n\t\t\t\t\t<h3 class=\"elementor-heading-title elementor-size-default\">VOLKSWAGEN GOLF VARIANT<\/h3>\t\t\t\t<\/div>\n\t\t\t\t<\/div>\n\t\t\t\t<div class=\"elementor-element elementor-element-5d2d2af8 elementor-widget elementor-widget-text-editor\" data-id=\"5d2d2af8\" data-element_type=\"widget\" data-widget_type=\"text-editor.default\">\n\t\t\t\t<div class=\"elementor-widget-container\">\n\t\t\t\t\t\t\t\t\t<div>Year: <strong>2011<\/strong><\/div>\n<div>Engine: <strong>1.6<\/strong><b>TDI 77kw<\/b><\/div>\n<div>Gearbox: <b>Manual<\/b><\/div>\n<div>Body type: <strong>Universal<\/strong><\/div>\n<div>Color: <strong>Blue<\/strong><\/div>\n<div>Number of doors: <strong>5<\/strong><\/div>\n<div>Number of seats: <b>5<\/b><\/div>\n<div>Fuel: <strong>Diesel<\/strong><\/div>\n\t\t\t\t\t\t\t\t<\/div>\n\t\t\t\t<\/div>\n\t\t\t\t<div class=\"elementor-element elementor-element-d58d394 elementor-widget elementor-widget-text-editor\" data-id=\"d58d394\" data-element_type=\"widget\" data-widget_type=\"text-editor.default\">\n\t\t\t\t<div class=\"elementor-widget-container\">\n\t\t\t\t\t\t\t\t\t<p>Extras: Air-conditioner, stereo (Bluetooth and navigation), cruise-control, front and back parking-aid, iso-fix.<\/p>\n\t\t\t\t\t\t\t\t<\/div>\n\t\t\t\t<\/div>\n\t\t\t\t<div class=\"elementor-element elementor-element-255c562d elementor-hidden-mobile elementor-hidden-tablet elementor-widget elementor-widget-mfn_gallery\" data-id=\"255c562d\" data-element_type=\"widget\" data-widget_type=\"mfn_gallery.default\">\n\t\t\t\t<div class=\"elementor-widget-container\">\n\t\t\t\t\t\n\t\t\t<style type='text\/css'>\n\t\t\t\t#sc_gallery-1 {\n\t\t\t\t\tmargin: auto;\n\t\t\t\t}\n\t\t\t\t#sc_gallery-1 .gallery-item {\n\t\t\t\t\tfloat: left;\n\t\t\t\t\tmargin-top: 10px;\n\t\t\t\t\ttext-align: center;\n\t\t\t\t\twidth: 49.99%;\n\t\t\t\t}\n\t\t\t\t#sc_gallery-1 img {\n\t\t\t\t\tborder: 2px solid #cfcfcf;\n\t\t\t\t}\n\t\t\t\t#sc_gallery-1 .gallery-caption {\n\t\t\t\t\tmargin-left: 0;\n\t\t\t\t}\n\t\t\t\t\/* see sc_gallery() in functions\/theme-shortcodes.php *\/\n\t\t\t<\/style>\n\t\t<div id='sc_gallery-1' class='gallery galleryid-4918 gallery-columns-2 gallery-size-medium file'><dl class='gallery-item'>\n\t\t\t\t<dt class='gallery-icon landscape'>\n\t\t\t\t\t<a href='https:\/\/mzauto.ee\/wp-content\/uploads\/2022\/08\/yldpilt1.jpg'><img fetchpriority=\"high\" decoding=\"async\" width=\"300\" height=\"200\" src=\"https:\/\/mzauto.ee\/wp-content\/uploads\/2022\/08\/yldpilt1-300x200.jpg\" class=\"attachment-medium size-medium\" alt=\"\" srcset=\"https:\/\/mzauto.ee\/wp-content\/uploads\/2022\/08\/yldpilt1-300x200.jpg 300w, https:\/\/mzauto.ee\/wp-content\/uploads\/2022\/08\/yldpilt1-768x512.jpg 768w, https:\/\/mzauto.ee\/wp-content\/uploads\/2022\/08\/yldpilt1-219x146.jpg 219w, https:\/\/mzauto.ee\/wp-content\/uploads\/2022\/08\/yldpilt1-50x33.jpg 50w, https:\/\/mzauto.ee\/wp-content\/uploads\/2022\/08\/yldpilt1-113x75.jpg 113w, https:\/\/mzauto.ee\/wp-content\/uploads\/2022\/08\/yldpilt1-600x400.jpg 600w, https:\/\/mzauto.ee\/wp-content\/uploads\/2022\/08\/yldpilt1.jpg 900w\" sizes=\"(max-width: 300px) 100vw, 300px\" \/><\/a>\n\t\t\t\t<\/dt><\/dl><dl class='gallery-item'>\n\t\t\t\t<dt class='gallery-icon landscape'>\n\t\t\t\t\t<a href='https:\/\/mzauto.ee\/wp-content\/uploads\/2022\/08\/yldpilt2.jpg'><img decoding=\"async\" width=\"300\" height=\"200\" src=\"https:\/\/mzauto.ee\/wp-content\/uploads\/2022\/08\/yldpilt2-300x200.jpg\" class=\"attachment-medium size-medium\" alt=\"\" srcset=\"https:\/\/mzauto.ee\/wp-content\/uploads\/2022\/08\/yldpilt2-300x200.jpg 300w, https:\/\/mzauto.ee\/wp-content\/uploads\/2022\/08\/yldpilt2-768x512.jpg 768w, https:\/\/mzauto.ee\/wp-content\/uploads\/2022\/08\/yldpilt2-219x146.jpg 219w, https:\/\/mzauto.ee\/wp-content\/uploads\/2022\/08\/yldpilt2-50x33.jpg 50w, https:\/\/mzauto.ee\/wp-content\/uploads\/2022\/08\/yldpilt2-113x75.jpg 113w, https:\/\/mzauto.ee\/wp-content\/uploads\/2022\/08\/yldpilt2-600x400.jpg 600w, https:\/\/mzauto.ee\/wp-content\/uploads\/2022\/08\/yldpilt2.jpg 900w\" sizes=\"(max-width: 300px) 100vw, 300px\" \/><\/a>\n\t\t\t\t<\/dt><\/dl><br style=\"clear: both\" \/><dl class='gallery-item'>\n\t\t\t\t<dt class='gallery-icon landscape'>\n\t\t\t\t\t<a href='https:\/\/mzauto.ee\/wp-content\/uploads\/2022\/03\/IMG-7606.jpg'><img decoding=\"async\" width=\"300\" height=\"225\" src=\"https:\/\/mzauto.ee\/wp-content\/uploads\/2022\/03\/IMG-7606-300x225.jpg\" class=\"attachment-medium size-medium\" alt=\"\" srcset=\"https:\/\/mzauto.ee\/wp-content\/uploads\/2022\/03\/IMG-7606-300x225.jpg 300w, https:\/\/mzauto.ee\/wp-content\/uploads\/2022\/03\/IMG-7606-1024x768.jpg 1024w, https:\/\/mzauto.ee\/wp-content\/uploads\/2022\/03\/IMG-7606-768x576.jpg 768w, https:\/\/mzauto.ee\/wp-content\/uploads\/2022\/03\/IMG-7606-195x146.jpg 195w, https:\/\/mzauto.ee\/wp-content\/uploads\/2022\/03\/IMG-7606-50x38.jpg 50w, https:\/\/mzauto.ee\/wp-content\/uploads\/2022\/03\/IMG-7606-100x75.jpg 100w, https:\/\/mzauto.ee\/wp-content\/uploads\/2022\/03\/IMG-7606-960x720.jpg 960w, https:\/\/mzauto.ee\/wp-content\/uploads\/2022\/03\/IMG-7606-600x450.jpg 600w, https:\/\/mzauto.ee\/wp-content\/uploads\/2022\/03\/IMG-7606.jpg 1440w\" sizes=\"(max-width: 300px) 100vw, 300px\" \/><\/a>\n\t\t\t\t<\/dt><\/dl><dl class='gallery-item'>\n\t\t\t\t<dt class='gallery-icon landscape'>\n\t\t\t\t\t<a href='https:\/\/mzauto.ee\/wp-content\/uploads\/2022\/03\/IMG-7607.jpg'><img loading=\"lazy\" decoding=\"async\" width=\"300\" height=\"225\" src=\"https:\/\/mzauto.ee\/wp-content\/uploads\/2022\/03\/IMG-7607-300x225.jpg\" class=\"attachment-medium size-medium\" alt=\"\" srcset=\"https:\/\/mzauto.ee\/wp-content\/uploads\/2022\/03\/IMG-7607-300x225.jpg 300w, https:\/\/mzauto.ee\/wp-content\/uploads\/2022\/03\/IMG-7607-1024x768.jpg 1024w, https:\/\/mzauto.ee\/wp-content\/uploads\/2022\/03\/IMG-7607-768x576.jpg 768w, https:\/\/mzauto.ee\/wp-content\/uploads\/2022\/03\/IMG-7607-195x146.jpg 195w, https:\/\/mzauto.ee\/wp-content\/uploads\/2022\/03\/IMG-7607-50x38.jpg 50w, https:\/\/mzauto.ee\/wp-content\/uploads\/2022\/03\/IMG-7607-100x75.jpg 100w, https:\/\/mzauto.ee\/wp-content\/uploads\/2022\/03\/IMG-7607-960x720.jpg 960w, https:\/\/mzauto.ee\/wp-content\/uploads\/2022\/03\/IMG-7607-600x450.jpg 600w, https:\/\/mzauto.ee\/wp-content\/uploads\/2022\/03\/IMG-7607.jpg 1440w\" sizes=\"(max-width: 300px) 100vw, 300px\" \/><\/a>\n\t\t\t\t<\/dt><\/dl><br style=\"clear: both\" \/>\n\t\t\t<\/div>\n\t\t\t\t<\/div>\n\t\t\t\t<\/div>\n\t\t\t\t<div class=\"elementor-element elementor-element-8804d15 elementor-hidden-desktop elementor-arrows-position-inside elementor-pagination-position-outside elementor-widget elementor-widget-image-carousel\" data-id=\"8804d15\" data-element_type=\"widget\" data-settings=\"{&quot;slides_to_show&quot;:&quot;1&quot;,&quot;navigation&quot;:&quot;both&quot;,&quot;autoplay&quot;:&quot;yes&quot;,&quot;pause_on_hover&quot;:&quot;yes&quot;,&quot;pause_on_interaction&quot;:&quot;yes&quot;,&quot;autoplay_speed&quot;:5000,&quot;infinite&quot;:&quot;yes&quot;,&quot;effect&quot;:&quot;slide&quot;,&quot;speed&quot;:500}\" data-widget_type=\"image-carousel.default\">\n\t\t\t\t<div class=\"elementor-widget-container\">\n\t\t\t\t\t\t\t<div class=\"elementor-image-carousel-wrapper swiper\" role=\"region\" aria-roledescription=\"carousel\" aria-label=\"Image Carousel\" dir=\"ltr\">\n\t\t\t<div class=\"elementor-image-carousel swiper-wrapper\" aria-live=\"off\">\n\t\t\t\t\t\t\t\t<div class=\"swiper-slide\" role=\"group\" aria-roledescription=\"slide\" aria-label=\"1 of 4\"><figure class=\"swiper-slide-inner\"><img decoding=\"async\" class=\"swiper-slide-image\" src=\"https:\/\/mzauto.ee\/wp-content\/uploads\/2022\/08\/yldpilt1.jpg\" alt=\"yldpilt1\" \/><\/figure><\/div><div class=\"swiper-slide\" role=\"group\" aria-roledescription=\"slide\" aria-label=\"2 of 4\"><figure class=\"swiper-slide-inner\"><img decoding=\"async\" class=\"swiper-slide-image\" src=\"https:\/\/mzauto.ee\/wp-content\/uploads\/2022\/08\/yldpilt2.jpg\" alt=\"yldpilt2\" \/><\/figure><\/div><div class=\"swiper-slide\" role=\"group\" aria-roledescription=\"slide\" aria-label=\"3 of 4\"><figure class=\"swiper-slide-inner\"><img decoding=\"async\" class=\"swiper-slide-image\" src=\"https:\/\/mzauto.ee\/wp-content\/uploads\/2022\/03\/IMG-7606.jpg\" alt=\"IMG-7606\" \/><\/figure><\/div><div class=\"swiper-slide\" role=\"group\" aria-roledescription=\"slide\" aria-label=\"4 of 4\"><figure class=\"swiper-slide-inner\"><img decoding=\"async\" class=\"swiper-slide-image\" src=\"https:\/\/mzauto.ee\/wp-content\/uploads\/2022\/03\/IMG-7607.jpg\" alt=\"IMG-7607\" \/><\/figure><\/div>\t\t\t<\/div>\n\t\t\t\t\t\t\t\t\t\t\t\t<div class=\"elementor-swiper-button elementor-swiper-button-prev\" role=\"button\" tabindex=\"0\">\n\t\t\t\t\t\t<i aria-hidden=\"true\" class=\"eicon-chevron-left\"><\/i>\t\t\t\t\t<\/div>\n\t\t\t\t\t<div class=\"elementor-swiper-button elementor-swiper-button-next\" role=\"button\" tabindex=\"0\">\n\t\t\t\t\t\t<i aria-hidden=\"true\" class=\"eicon-chevron-right\"><\/i>\t\t\t\t\t<\/div>\n\t\t\t\t\n\t\t\t\t\t\t\t\t\t<div class=\"swiper-pagination\"><\/div>\n\t\t\t\t\t\t\t\t\t<\/div>\n\t\t\t\t\t\t<\/div>\n\t\t\t\t<\/div>\n\t\t\t\t\t<\/div>\n\t\t<\/div>\n\t\t\t\t<div class=\"elementor-column elementor-col-33 elementor-inner-column elementor-element elementor-element-2907b94d\" data-id=\"2907b94d\" data-element_type=\"column\">\n\t\t\t<div class=\"elementor-widget-wrap elementor-element-populated\">\n\t\t\t\t\t\t<div class=\"elementor-element elementor-element-fac6596 elementor-widget elementor-widget-wp-widget-bookingwidget\" data-id=\"fac6596\" data-element_type=\"widget\" data-widget_type=\"wp-widget-bookingwidget.default\">\n\t\t\t\t<div class=\"elementor-widget-container\">\n\t\t\t\t\t<div class='widget_wpdev_booking wpdevelop months_num_in_row_1'> <script type=\"text\/javascript\">\n                    if (document.getElementById('booking_form_div34') !== null)\n                        document.getElementById('booking_form_div34').innerHTML = 'This booking resources does not exist';\n                <\/script> Booking resource does not exist. [ID=34]<\/div>\t\t\t\t<\/div>\n\t\t\t\t<\/div>\n\t\t\t\t\t<\/div>\n\t\t<\/div>\n\t\t\t\t<div class=\"elementor-column elementor-col-33 elementor-inner-column elementor-element elementor-element-22da91ba\" data-id=\"22da91ba\" data-element_type=\"column\">\n\t\t\t<div class=\"elementor-widget-wrap elementor-element-populated\">\n\t\t\t\t\t\t<div class=\"elementor-element elementor-element-45b3a614 elementor-widget elementor-widget-heading\" data-id=\"45b3a614\" data-element_type=\"widget\" data-widget_type=\"heading.default\">\n\t\t\t\t<div class=\"elementor-widget-container\">\n\t\t\t\t\t<h3 class=\"elementor-heading-title elementor-size-default\">RENTAL PRICES<\/h3>\t\t\t\t<\/div>\n\t\t\t\t<\/div>\n\t\t\t\t<div class=\"elementor-element elementor-element-2ea2b1a5 elementor-widget elementor-widget-text-editor\" data-id=\"2ea2b1a5\" data-element_type=\"widget\" data-widget_type=\"text-editor.default\">\n\t\t\t\t<div class=\"elementor-widget-container\">\n\t\t\t\t\t\t\t\t\t<p>1-3 days 25\u20ac \/ day<\/p>\n<p>4-7 days 20\u20ac \/ day<\/p>\n<p>Longer periods by agreement, be sure to ask for a special offer!<\/p>\n<p><strong>Minimal rental period 2 days<\/strong><\/p>\n<p><strong>Trips abroad are considered as special agreements and therefore ask for a separate offer by e-mail or phone.<\/strong><\/p>\n<p><strong>Ask for a special offer for rent with a driver.<\/strong><\/p>\n<p><strong>SEE ACCESSORIES FOR TRAVEL AND TRIPS <span style=\"font-style: normal; font-variant-ligatures: normal; font-variant-caps: normal; font-size: 16px; font-family: Inter, Helvetica, Arial, sans-serif; letter-spacing: 0px;\"><span style=\"font-weight: bold;\"><a href=\"https:\/\/mzauto.ee\/rent\/matkavarustus\/\">HERE<\/a><\/span><\/span><span style=\"font-style: normal; font-variant-ligatures: normal; font-variant-caps: normal; font-weight: 400; font-size: 16px; font-family: Inter, Helvetica, Arial, sans-serif; letter-spacing: 0px;\">.<\/span><\/strong><\/p>\n<p>&nbsp;<\/p>\n<p><strong>20% VAT is included in the price.<\/strong><\/p>\n\t\t\t\t\t\t\t\t<\/div>\n\t\t\t\t<\/div>\n\t\t\t\t<div class=\"elementor-element elementor-element-bb0767d elementor-widget elementor-widget-accordion\" data-id=\"bb0767d\" data-element_type=\"widget\" data-widget_type=\"accordion.default\">\n\t\t\t\t<div class=\"elementor-widget-container\">\n\t\t\t\t\t\t\t<div class=\"elementor-accordion\">\n\t\t\t\t\t\t\t<div class=\"elementor-accordion-item\">\n\t\t\t\t\t<div id=\"elementor-tab-title-1961\" class=\"elementor-tab-title\" data-tab=\"1\" role=\"button\" aria-controls=\"elementor-tab-content-1961\" aria-expanded=\"false\">\n\t\t\t\t\t\t\t\t\t\t\t\t\t<span class=\"elementor-accordion-icon elementor-accordion-icon-left\" aria-hidden=\"true\">\n\t\t\t\t\t\t\t\t\t\t\t\t\t\t\t<span class=\"elementor-accordion-icon-closed\"><i class=\"fas fa-plus\"><\/i><\/span>\n\t\t\t\t\t\t\t\t<span class=\"elementor-accordion-icon-opened\"><i class=\"fas fa-minus\"><\/i><\/span>\n\t\t\t\t\t\t\t\t\t\t\t\t\t\t<\/span>\n\t\t\t\t\t\t\t\t\t\t\t\t<a class=\"elementor-accordion-title\" tabindex=\"0\">Renditingimused<\/a>\n\t\t\t\t\t<\/div>\n\t\t\t\t\t<div id=\"elementor-tab-content-1961\" class=\"elementor-tab-content elementor-clearfix\" data-tab=\"1\" role=\"region\" aria-labelledby=\"elementor-tab-title-1961\"><p><b>\u00dcLDTINGIMUSED<\/b><\/p>\n<p>1.1 S\u00f5iduk renditakse nii juhiga kui ka ilma. S\u00f5iduki, mis renditakse koos juhiga, eest vastutab teid teenindav autojuht. S\u00f5iduki saate k\u00e4tte kokkulepitud asukohas tangituna, puhtana ning tehniliselt korras seisus.\u00a0S\u00f5iduki, mida renditakse ilma juhita, eest vastutab t\u00e4ielikult s\u00f5iduki Rentnik (rendilepingu s\u00f5lmiv isik).<\/p>\n<p>1.2 Rendileping loetakse s\u00f5lmituks p\u00e4rast rendilepingu kahepoolset allkirjastamist s\u00f5iduki \u00fcleandmisel.<\/p>\n<p>1.3 Rendileandja ei vastuta otseselt v\u00f5i kaudselt kahjude eest, mis v\u00f5ivad tuleneda s\u00f5iduki etten\u00e4gematust rikkest ning kui seoses eelnevaga \u00fcritus, puhkus v\u00f5i planeeritud s\u00f5it katkeb v\u00f5i viibib. Selliste puhkude v\u00e4ltimiseks soovitame s\u00f5lmida reisikindlustuse, mis katab etten\u00e4gematud kulutused.<\/p>\n<p>1.4 S\u00f5iduki tehnilise rikke v\u00f5i rikete ilmnemisel tuleb sellest koheselt teavitada Rendileandjat &#8211; MZ Auto (58 336 940 \/ 58 946 646). S\u00f5iduki remondi organiseerib MZ Auto vastavalt kokkulepetel. K\u00f5ik teised kokkulepped s\u00f5iduki omavoliliseks remondiks on k\u00e4sitletavad rendilepingu rikkumisena. S\u00f5iduki remondile tehtud omavolilised kulutused ei kuulu h\u00fcvitamisele kui need on eelnevalt Rendileandjaga koosk\u00f5lastamata.<\/p>\n<p>1.5 Ilma juhita s\u00f5iduki rentimiseks esitab rentnik kehtiva juhiloa ning isikut t\u00f5endava dokumendi (ID kaart v\u00f5i pass). S\u00f5iduki rentimiseks peab rentnik olema v\u00e4hemalt 21-aastane ning omama v\u00e4hemalt 3-aastast B-kategooria juhistaa\u017ei.<\/p>\n<p>1.6.\u00a0<span style=\"letter-spacing: 0px;\">Uber\/Bolt\/Wolt ja muude s\u00f5idujagamiste ja kullerteenuste s\u00f5itudeks MZ Auto s\u00f5idukeid ei rendita!<\/span><\/p>\n<p>1.7 Rendi arvestus toimub kalendrip\u00e4eva p\u00f5hiselt<br \/>\n1.8 S\u00f5iduk antakse v\u00e4lja t\u00e4is k\u00fctusepaagiga (v.a. erikokkulepped) ning see tuleb tagastada samuti t\u00e4is paagiga (k\u00fctus ei sisaldu rendihinnas)<\/p>\n<p>1.9 S\u00f5idud v\u00e4lisriikidesse on v\u00f5imalikud eelneva kokkuleppe alusel, mis lepitakse kokku enne rendilepingu s\u00f5lmimist. Pikemate v\u00e4lisriikidesse s\u00f5itude puhul kehtib tagatisraha n\u00f5ue 200 eurot (kindlustuse omavastutuse ulatus).<br \/>\n1.10 S\u00f5idukis ei ole lubatud suitsetada (suitsetamine = keemiline puhastus 200\u20ac)<br \/>\n1.11 Loomade transport ainult transpordipuuris<br \/>\n1.12 L\u00e4bis\u00f5idupiirang 500km\/p\u00e4ev, 2000km\/n\u00e4dal, 4500km\/kuu. Pikemate s\u00f5itude puhul erikokkulepped. Erikokkuleppe puudumisel \u00fcldreegel lisakilomeeter 0,20\u20ac.<\/p>\n<p>1.13 Kehtestatud piirkiiruse rikkumist loetakse lepingurikkumiseks. V\u00e4lisriikide kiirteedel, kus pole m\u00e4\u00e4ratud suurim lubatud s\u00f5idukiirus, on rendiautode maksimaalne lubatud kiirus 130km\/h.<\/p>\n<p><span style=\"font-family: Inter, Helvetica, Arial, sans-serif; font-size: 16px; font-style: normal; font-variant-ligatures: normal; font-variant-caps: normal; font-weight: 400; letter-spacing: 0px;\">1.14 J\u00e4tame endale \u00f5iguse klienti valida. Kui Rendileandja keeldub s\u00f5idukit rentnikule rentimast, loetakse rendileping kehtetuks.<\/span><\/p>\n<p><span style=\"font-family: Inter, Helvetica, Arial, sans-serif; font-size: 16px; font-style: normal; font-variant-ligatures: normal; font-variant-caps: normal; font-weight: 400; letter-spacing: 0px;\">1.15 Rendileandjal on \u00f5igus t\u00fc\u00fcptingimusi \u00fchepoolselt muuta kui ta sellest Rentnikut teavitab.<\/span><\/p>\n<p><b>BRONEERIMINE, RENTIMINE JA TASUMINE \/ TAGATISRAHA<\/b><br \/>\n2.1 P\u00e4rast broneeringus\u00fcsteemis broneeringu tegemist v\u00e4ljastatakse kliendi lisatud e-maili aadressile broneeringuarve.<\/p>\n<p>2.2 S\u00f5iduki broneerimistasu on broneeringuarvel toodud summa. Broneeringutasu arvestatakse maha rendiperioodi kogutasust.<\/p>\n<p>2.3 Broneerimise kinnitamiseks loetakse broneerimistasu laekumist MZ Auto O\u00dc poolt v\u00e4ljastatud broneeringuarve alusel arvelduskontole EE921010220265647227.<\/p>\n<p>2.4 Broneerimistasu kuulub tagastamisele, kui broneering t\u00fchistatakse 3 p\u00e4eva enne rendi algust. P\u00e4rast seda broneerimistasu tagastamisele ei kuulu.\u00a0Rendiperioodi kogumaksumus tasutakse enne rendip\u00e4eva algust vastavalt rendilepingus kokkulepitud t\u00e4htaegadel. Renditasu on v\u00f5imalik tasuda nii panga\u00fclekandega kui sularahas kohapeal.<\/p>\n<p>2.5 Rendilepingu s\u00f5lmimiseks loetakse rendilepingu kahepoolsed allkirjastamist ja s\u00f5iduki \u00fcleandmist. Lepingu s\u00f5lmimisega annab Rendileandja Rentnikule \u00f5iguse s\u00f5idukit vallata ja kasutada (rentida). Rentnik kohustub s\u00f5iduki vastu v\u00f5tma lepingus m\u00e4\u00e4ratud t\u00e4htajaks, samuti maksma lepinguga etten\u00e4htud makseid ja t\u00e4itma muid kohustusi.<\/p>\n<p><b>KINDLUSTUSED, VASTUTUS KOLMANDATE ISIKUTE EES<\/b><br \/>\n<span style=\"font-family: Inter, Helvetica, Arial, sans-serif; font-size: 16px; font-style: normal; font-variant-ligatures: normal; font-variant-caps: normal; font-weight: 400;\">3.1 S\u00f5iduki rendihind sisaldab kohustuslikku liikluskindlustust. Kaskokindlustus on t\u00e4iendava kaitsena v\u00f5imalik s\u00f5lmida vastavalt kokkuleppele.<\/span><\/p>\n<p>3.2 Liiklus\u00f5nnetuse korral on rentnik kohustatud teatama sellest koheselt rendileandjat &#8211; MZ Auto (58 336 940 \/ 58 946 646)<br \/>\n3.3 K\u00f5ik rentniku ja\/v\u00f5i s\u00f5idukit kasutanud isiku poolt rendiperioodi jooksul p\u00f5hjustatud n\u00f5uded kolmandatelt isikutelt (n\u00e4iteks liikluseeskirjade rikkumised, parkimistrahvid, viivistasu otsused, auto teisaldamised jms) kuuluvad rentniku ja\/v\u00f5i auto kasutajate poolt t\u00e4ielikule h\u00fcvitamisele ka tagantj\u00e4rgi. Rentnik peab k\u00f5igist temale teadaolevatest trahvidest ja rikkumistest Rendileandjat teavitama.<\/p>\n<p>3.4 S\u00f5iduk antakse \u00fcle tehniliselt korras seisus ja s\u00f5idukil olemasolevad vigastused on fikseeritakse enne selle rendiperioodi algust. S\u00f5iduk v\u00f5etakse tagasi samuti tehniliselt korras seisus ja rendiperioodi v\u00e4ltel tekkinud kahjustused fikseeritakse. S\u00f5idukile tekitatud kahjustused h\u00fcvitab s\u00f5iduki Rentnik v\u00f5i kuuluvad need h\u00fcvitamisele vastavalt liikluskindlustuse poolt s\u00e4testatud tingimustele.<\/p>\n<p><b>LEPINGU KEHTIVUS<\/b><br \/>\n4.1 Rentnik on rendi \u00fcldtingimustega tutvunud kui ta on teinud l\u00e4bi MZ Auto broneeringus\u00fcsteemi broneeringu soovitud s\u00f5idukile ja lisanud linnukese valikule &#8220;Olen tutvunud renditingimustega&#8221;. \u00dcldtingimusi ei allkirjastata, need on k\u00e4sitletavad rendilepingu osana.<\/p>\n<p>4.2 Iga leping on siduv \u2013 ka juhul, kui rentnik ei ole seda l\u00e4bi lugenud v\u00f5i sellest aru saanud. Soovitame alati enne lepingu s\u00f5lmimist tingimused t\u00e4pselt l\u00e4bi lugeda ning vajadusel t\u00e4psustada. Hilisemaid pretensioone ei rahuldata v\u00f5i need lahendatakse kohtus.<\/p>\n<p><b>LISATINGIMUSED<\/b><\/p>\n<p>5.1 Rentnik on teadlik ja saab aru, et s\u00f5iduk v\u00f5ib olla varustatud GPS-seadmega s\u00f5iduki turvalisuse tagamiseks varguste \/ omastamiste eest Rendileandja nimelt, samuti Rentniku k\u00e4esolevast lepingust tulenevate kohustuste tagamiseks ja kontrollimiseks. Rendileandja v\u00f5ib saada teateid s\u00f5iduki lahkumisest v\u00e4ljaspool lubatud piirkonda privaatsuspoliitika s\u00e4tetel. Rentnikul ei ole \u00f5igus GPS-seadet demonteerida ega teisaldada kui see on s\u00f5idukisse paigaldatud, samuti lahti \u00fchendada ilma Rendileandja kirjaliku loata.<\/p>\n<\/div>\n\t\t\t\t<\/div>\n\t\t\t\t\t\t\t\t<\/div>\n\t\t\t\t\t\t<\/div>\n\t\t\t\t<\/div>\n\t\t\t\t<div class=\"elementor-element elementor-element-174a562f elementor-widget elementor-widget-html\" data-id=\"174a562f\" data-element_type=\"widget\" data-widget_type=\"html.default\">\n\t\t\t\t<div class=\"elementor-widget-container\">\n\t\t\t\t\t<script> \r\njQuery(document).ready(function($) { \r\nvar delay = 100; setTimeout(function() { \r\n$('.elementor-tab-title').removeClass('elementor-active');\r\n $('.elementor-tab-content').css('display', 'none'); }, delay); \r\n}); \r\n<\/script>\t\t\t\t<\/div>\n\t\t\t\t<\/div>\n\t\t\t\t\t<\/div>\n\t\t<\/div>\n\t\t\t\t\t<\/div>\n\t\t<\/section>\n\t\t\t\t\t<\/div>\n\t\t<\/div>\n\t\t\t\t\t<\/div>\n\t\t<\/section>\n\t\t\t\t<\/div>\n\t\t","protected":false},"excerpt":{"rendered":"<p>VOLKSWAGEN GOLF VARIANT Year: 2011 Engine: 1.6TDI 77kw Gearbox: Manual Body type: Universal Color: Blue Number of doors: 5 Number of seats: 5 Fuel: Diesel Extras:<span class=\"excerpt-hellip\"> [\u2026]<\/span><\/p>\n","protected":false},"author":4,"featured_media":0,"parent":0,"menu_order":0,"comment_status":"closed","ping_status":"closed","template":"","meta":{"_monsterinsights_skip_tracking":false,"_monsterinsights_sitenote_active":false,"_monsterinsights_sitenote_note":"","_monsterinsights_sitenote_category":0,"footnotes":""},"class_list":["post-4918","page","type-page","status-publish","hentry"],"_links":{"self":[{"href":"https:\/\/mzauto.ee\/en\/wp-json\/wp\/v2\/pages\/4918","targetHints":{"allow":["GET"]}}],"collection":[{"href":"https:\/\/mzauto.ee\/en\/wp-json\/wp\/v2\/pages"}],"about":[{"href":"https:\/\/mzauto.ee\/en\/wp-json\/wp\/v2\/types\/page"}],"author":[{"embeddable":true,"href":"https:\/\/mzauto.ee\/en\/wp-json\/wp\/v2\/users\/4"}],"replies":[{"embeddable":true,"href":"https:\/\/mzauto.ee\/en\/wp-json\/wp\/v2\/comments?post=4918"}],"version-history":[{"count":7,"href":"https:\/\/mzauto.ee\/en\/wp-json\/wp\/v2\/pages\/4918\/revisions"}],"predecessor-version":[{"id":8938,"href":"https:\/\/mzauto.ee\/en\/wp-json\/wp\/v2\/pages\/4918\/revisions\/8938"}],"wp:attachment":[{"href":"https:\/\/mzauto.ee\/en\/wp-json\/wp\/v2\/media?parent=4918"}],"curies":[{"name":"wp","href":"https:\/\/api.w.org\/{rel}","templated":true}]}}